{"id":154,"date":"2014-03-24T22:45:45","date_gmt":"2014-03-24T21:45:45","guid":{"rendered":"http:\/\/lubsza.org\/?page_id=154"},"modified":"2014-09-20T21:59:25","modified_gmt":"2014-09-20T19:59:25","slug":"vi-2014-izba-regionalna","status":"publish","type":"page","link":"http:\/\/lubsza.org\/?page_id=154","title":{"rendered":"IX 2014 &#8211; Lubszeckie Muzeum Regionalne"},"content":{"rendered":"<p style=\"text-align: justify;\"><a href=\"http:\/\/lubsza.org\/wp-content\/uploads\/2014\/03\/14092014-38-Kopiowanie.jpg\" rel=\"lightbox[154]\"><img loading=\"lazy\" decoding=\"async\" class=\"alignleft  wp-image-2201\" alt=\"14092014 (38) (Kopiowanie)\" src=\"http:\/\/lubsza.org\/wp-content\/uploads\/2014\/03\/14092014-38-Kopiowanie-200x300.jpg\" width=\"122\" height=\"184\" srcset=\"http:\/\/lubsza.org\/wp-content\/uploads\/2014\/03\/14092014-38-Kopiowanie-200x300.jpg 200w, http:\/\/lubsza.org\/wp-content\/uploads\/2014\/03\/14092014-38-Kopiowanie.jpg 567w\" sizes=\"auto, (max-width: 122px) 100vw, 122px\" \/><\/a>Niedziela, 14 wrze\u015bnia 2014 roku, by\u0142a dla wielu mieszka\u0144c\u00f3w i sympatyk\u00f3w Lubszy prawdziw\u0105 uczt\u0105 kulturaln\u0105, a dla niekt\u00f3rych &#8211; sentymentaln\u0105. Tego bowiem dnia, o godz. 11:00 mia\u0142o miejsce uroczyste otwarcie Muzeum Regionalnego im. J. Lompy przy Szkole Podstawowej w Lubszy. Jednocze\u015bnie odby\u0142 si\u0119 w niej wernisa\u017c wystawy haftu krzy\u017cykowego pani Doroty Osadnik &#8211; wydarzenie poruszaj\u0105ce nie tylko dla du\u017cego grona zwiedzaj\u0105cych, ale te\u017c dla autorki obraz\u00f3w, \u015bwi\u0119tuj\u0105cej w tym roku 85. urodziny.<\/p>\n<p style=\"text-align: justify;\"><img decoding=\"async\" title=\"Wi\u0119cej...\" alt=\"\" src=\"http:\/\/lubsza.org\/wp-includes\/js\/tinymce\/plugins\/wordpress\/img\/trans.gif\" \/>Wszystko to z okazji przypadaj\u0105cego w roku 2014 jubileuszu 700-lecia Lubszy. Symboliczne urodziny so\u0142ectwa, pocz\u0105wszy od od ich kwietniowej inauguracji, sta\u0142y si\u0119 impulsem do organizacji wielu wydarze\u0144 kulturalnych, naukowych, sportowych i integracyjnych, w kt\u00f3re zaanga\u017cowali si\u0119 mieszka\u0144cy, firmy i lubszeckie instytucje, ze Szko\u0142\u0105 Podstawow\u0105 na czele.<\/p>\n<p style=\"text-align: justify;\"><a href=\"http:\/\/lubsza.org\/wp-content\/uploads\/2014\/09\/14wrzesnia.jpg\" rel=\"lightbox[154]\"><img loading=\"lazy\" decoding=\"async\" class=\"alignright\" alt=\"14wrzesnia\" src=\"http:\/\/lubsza.org\/wp-content\/uploads\/2014\/09\/14wrzesnia-300x225.jpg\" width=\"198\" height=\"148\" \/><\/a>Jednym z wa\u017cniejszych punkt\u00f3w kalendarza obchod\u00f3w Jubileuszu by\u0142o stworzenie Lubszeckiego Muzeum Regionalnego w \u015bwie\u017co wyremontowanych podziemiach Szko\u0142y Podstawowej. Realizacja tego przedsi\u0119wzi\u0119cia &#8211; dzi\u0119ki determinacji dyrektor szko\u0142y Ewy Kity &#8211; zako\u0144czy\u0142a si\u0119 ca\u0142kowitym sukcesem. Przywracanie \u017cycia starym i zaniedbanym piwnicom szko\u0142y wymaga\u0142o czasu, \u015brodk\u00f3w, pracy i &#8211; cz\u0119sto bezinteresownego &#8211; zaanga\u017cowania, ale efekt robi wra\u017cenie.\u00a0 Wygospodarowane wn\u0119trze zosta\u0142o zape\u0142nione sprz\u0119tami, meblami, ozdobami, antykami, pami\u0105tkami, elementami dawnych gospodarstw domowych &#8211; ofiarowanymi na potrzeby muzeum przez mieszka\u0144c\u00f3w Lubszy.<\/p>\n<p style=\"text-align: justify;\"><a href=\"http:\/\/lubsza.org\/wp-content\/uploads\/2014\/09\/brokam2.jpg\" rel=\"lightbox[154]\"><img loading=\"lazy\" decoding=\"async\" class=\"wp-image-2112 alignleft\" alt=\"Muzeum regionalne - ekspozycja\" src=\"http:\/\/lubsza.org\/wp-content\/uploads\/2014\/09\/brokam2-300x225.jpg\" width=\"201\" height=\"151\" srcset=\"http:\/\/lubsza.org\/wp-content\/uploads\/2014\/09\/brokam2-300x225.jpg 300w, http:\/\/lubsza.org\/wp-content\/uploads\/2014\/09\/brokam2.jpg 900w\" sizes=\"auto, (max-width: 201px) 100vw, 201px\" \/><\/a>Zbiory zosta\u0142y zgromadzone, skatalogowane i zaaran\u017cowane przez kadr\u0119 Szko\u0142y Podstawowej. Powsta\u0142a izba, w kt\u00f3rej mo\u017cna poczu\u0107 klimat dawnych lat, zobaczy\u0107 historyczne ju\u017c elementy wystroju domostw i szk\u00f3\u0142. Muzeum, ze sta\u0142\u0105 ekspozycj\u0105, znajduje si\u0119 pod przedszkolem,\u00a0 posiada niezale\u017cne wej\u015bcie od strony szkolnego parkingu. Z powodu konieczno\u015bci zabezpieczenia sta\u0142ej ekspozycji, b\u0119dzie ona dost\u0119pna zwiedzaj\u0105cym w godzinach pracy szko\u0142y.<\/p>\n<p style=\"text-align: justify;\">W holu muzeum znajduje si\u0119 wystawa prac nagrodzonych w rodzinnym konkursie &#8222;Zabytki Lubszy nasz\u0105 histori\u0105&#8221;.<\/p>\n<p style=\"text-align: justify;\"><a href=\"http:\/\/lubsza.org\/wp-content\/uploads\/2014\/09\/100_7770-Kopiowanie.jpg\" rel=\"lightbox[154]\"><img loading=\"lazy\" decoding=\"async\" class=\"wp-image-2132 alignright\" alt=\"&quot;Zabytki Lubszy nasz\u0105 histori\u0105&quot;\" src=\"http:\/\/lubsza.org\/wp-content\/uploads\/2014\/09\/100_7770-Kopiowanie-300x225.jpg\" width=\"140\" height=\"104\" srcset=\"http:\/\/lubsza.org\/wp-content\/uploads\/2014\/09\/100_7770-Kopiowanie-300x225.jpg 300w, http:\/\/lubsza.org\/wp-content\/uploads\/2014\/09\/100_7770-Kopiowanie.jpg 1000w\" sizes=\"auto, (max-width: 140px) 100vw, 140px\" \/><\/a>Zgromadzono tam misternie wykonane przez uczestnik\u00f3w konkursu makiety zabytkowych budynk\u00f3w, charakterystycznych dla Lubszy: ko\u015bcio\u0142a, szko\u0142y, kapliczek.<br \/>\nNa przeciwleg\u0142ej \u015bcianie umieszczono wystaw\u0119 &#8222;Lubsza na starej fotografii&#8221;. Dok\u0142adnie p\u00f3\u0142 roku temu, 14 marca, wystawa ta pojawi\u0142a si\u0119 w siedzibie Urz\u0119du Miejskiego w Wo\u017anikach, jako zapowied\u017a inauguracji jubileuszu 700-lecia Lubszy.<\/p>\n<p style=\"text-align: justify;\"><a href=\"http:\/\/lubsza.org\/wp-content\/uploads\/2014\/09\/100_7772-Kopiowanie.jpg\" rel=\"lightbox[154]\"><img loading=\"lazy\" decoding=\"async\" class=\"wp-image-2133 alignleft\" alt=\"Archiwalne fotografie\" src=\"http:\/\/lubsza.org\/wp-content\/uploads\/2014\/09\/100_7772-Kopiowanie-300x225.jpg\" width=\"141\" height=\"107\" srcset=\"http:\/\/lubsza.org\/wp-content\/uploads\/2014\/09\/100_7772-Kopiowanie-300x225.jpg 300w, http:\/\/lubsza.org\/wp-content\/uploads\/2014\/09\/100_7772-Kopiowanie.jpg 1000w\" sizes=\"auto, (max-width: 141px) 100vw, 141px\" \/><\/a>Wystawa zawiera stare, pami\u0105tkowe zdj\u0119cia i ryciny przekazane przez mieszka\u0144c\u00f3w oraz inne materia\u0142y archiwalne, przedstawiaj\u0105ce zar\u00f3wno wa\u017cne wydarzenia z \u017cycia wsi, jak i codzienne \u017cycie lubszan na przestrzeni ca\u0142ego XX wieku.<br \/>\n<a href=\"http:\/\/lubsza.org\/wp-content\/uploads\/2014\/03\/100_7775-Kopiowanie.jpg\" rel=\"lightbox[154]\"><img loading=\"lazy\" decoding=\"async\" class=\"alignright  wp-image-2173\" alt=\"100_7775 (Kopiowanie)\" src=\"http:\/\/lubsza.org\/wp-content\/uploads\/2014\/03\/100_7775-Kopiowanie-225x300.jpg\" width=\"106\" height=\"141\" srcset=\"http:\/\/lubsza.org\/wp-content\/uploads\/2014\/03\/100_7775-Kopiowanie-225x300.jpg 225w, http:\/\/lubsza.org\/wp-content\/uploads\/2014\/03\/100_7775-Kopiowanie.jpg 638w\" sizes=\"auto, (max-width: 106px) 100vw, 106px\" \/><\/a>Przed wej\u015bciem do sali g\u0142\u00f3wnej muzeum, obejrze\u0107 mo\u017cna wystaw\u0119 numizmatyczn\u0105 pt. &#8222;Czym p\u0142acili nasi pradziadowie?&#8221;. Znalaz\u0142y si\u0119 na niej monety z okresu 1923-1990 oraz banknoty z lat 1930-1988, wzbogacone o informacje na temat polskich banknot\u00f3w publikowane w ramach serii \u201eBanknoty polskie \u2013 Niezwyk\u0142a historia kraju i pieni\u0105dza\u201d.<\/p>\n<p style=\"text-align: justify;\">Jednak to nie wszystkie atrakcje, jakie czeka\u0142y na go\u015bci tego dnia. 14 wrze\u015bnia, g\u0142\u00f3wn\u0105 bohaterk\u0105 uroczysto\u015bci by\u0142a pani Dorota Osadnik, 85-letnia lubszanka, autorka obraz\u00f3w wykonanych technik\u0105 haftu krzy\u017cykowego, kt\u00f3re z\u0142o\u017cy\u0142y si\u0119 na wystaw\u0119 prezentowan\u0105 w sali gimnastycznej SP Lubsza.<\/p>\n<p style=\"text-align: justify;\"><a href=\"http:\/\/lubsza.org\/wp-content\/uploads\/2014\/09\/14wrzesnia-11.jpg\" rel=\"lightbox[154]\"><img loading=\"lazy\" decoding=\"async\" class=\"wp-image-1894 alignleft\" alt=\"Powitanie pani Doroty Osadnik\" src=\"http:\/\/lubsza.org\/wp-content\/uploads\/2014\/09\/14wrzesnia-11-300x252.jpg\" width=\"198\" height=\"167\" srcset=\"http:\/\/lubsza.org\/wp-content\/uploads\/2014\/09\/14wrzesnia-11-300x252.jpg 300w, http:\/\/lubsza.org\/wp-content\/uploads\/2014\/09\/14wrzesnia-11.jpg 1000w\" sizes=\"auto, (max-width: 198px) 100vw, 198px\" \/><\/a>Wernisa\u017c jej wystawy, otwieraj\u0105cy niedzielne uroczysto\u015bci, zgromadzi\u0142 wielu mieszka\u0144c\u00f3w Lubszy ch\u0119tnych podziwia\u0107 pi\u0119kne i niezwykle pracoch\u0142onne dzie\u0142a &#8211; efekt hobby, kt\u00f3re przerodzi\u0142o si\u0119 w sztuk\u0119. Obrazy, wyst\u0119puj\u0105ce pojedynczo i w cyklach (np. cykl przedstawiaj\u0105cy cztery pory roku lub 12-elementowy kalendarz obrazowany kwiatami), powstawa\u0142y przez wiele lat, doczeka\u0142y si\u0119 te\u017c kilku wystaw. Organizacj\u0105 lubszeckiego wernisa\u017cu zaj\u0119\u0142a si\u0119 Anna Osadnik &#8211; profesjonalna graficzka, malarka, rze\u017abiarka oraz wyk\u0142adowczyni sztuki, aktualnie tak\u017ce mieszkanka Lubszy.<\/p>\n<p style=\"text-align: justify;\"><a href=\"http:\/\/lubsza.org\/wp-content\/uploads\/2014\/09\/14wrzesnia-37.jpg\" rel=\"lightbox[154]\"><img loading=\"lazy\" decoding=\"async\" class=\"wp-image-1920 alignright\" alt=\"Elementy kolekcji\" src=\"http:\/\/lubsza.org\/wp-content\/uploads\/2014\/09\/14wrzesnia-37-300x225.jpg\" width=\"195\" height=\"146\" srcset=\"http:\/\/lubsza.org\/wp-content\/uploads\/2014\/09\/14wrzesnia-37-300x225.jpg 300w, http:\/\/lubsza.org\/wp-content\/uploads\/2014\/09\/14wrzesnia-37.jpg 1000w\" sizes=\"auto, (max-width: 195px) 100vw, 195px\" \/><\/a>Wszystkich go\u015bci powita\u0142a dyrektor szko\u0142y, a zarazem przewodnicz\u0105ca Komitetu Organizacyjnego 700-lecia Lubszy, Ewa Kita. Pani Dorota Osadnik, w asy\u015bcie uczni\u00f3w szko\u0142y ubranych w ludowe stroje, przeci\u0119\u0142a wst\u0119g\u0119, tym samym otwieraj\u0105c wystaw\u0119. Wszyscy zwiedzaj\u0105cy, w\u015br\u00f3d kt\u00f3rych znale\u017ali si\u0119 m.in. so\u0142tys Lubszy &#8211; Maria Opie\u0142ka, burmistrz Wo\u017anik &#8211; Alojzy Cichowski oraz przedstawiciele prasy, byli pod du\u017cym wra\u017ceniem prezentowanych dzie\u0142.<\/p>\n<p style=\"text-align: justify;\"><a href=\"http:\/\/lubsza.org\/wp-content\/uploads\/2014\/09\/14wrzesnia-27.jpg\" rel=\"lightbox[154]\"><img loading=\"lazy\" decoding=\"async\" class=\"wp-image-1910 alignleft\" alt=\"Wernisa\u017c wystawy haftu krzy\u017cykowego\" src=\"http:\/\/lubsza.org\/wp-content\/uploads\/2014\/09\/14wrzesnia-27-300x225.jpg\" width=\"195\" height=\"147\" srcset=\"http:\/\/lubsza.org\/wp-content\/uploads\/2014\/09\/14wrzesnia-27-300x225.jpg 300w, http:\/\/lubsza.org\/wp-content\/uploads\/2014\/09\/14wrzesnia-27.jpg 1000w\" sizes=\"auto, (max-width: 195px) 100vw, 195px\" \/><\/a>Autorka z wyra\u017anie widocznym wzruszeniem, ale i zak\u0142opotaniem, przyjmowa\u0142a liczne gratulacje i wyrazy uznania. Tak jakby nie do ko\u0144ca wierzy\u0142a, \u017ce to, co sama traktuje jak r\u0119czne rob\u00f3tki, kto\u015b inny mo\u017ce uznawa\u0107 za prawdziw\u0105 sztuk\u0119.<\/p>\n<p style=\"text-align: justify;\">Go\u015bcie, kt\u00f3rzy udali si\u0119 pi\u0119tro wy\u017cej, mogli po drodze zakupi\u0107 widok\u00f3wki z Lubszy, wydane przez szko\u0142\u0119 z okazji jubileuszu wsi. Do wyboru by\u0142o pi\u0119\u0107 r\u00f3\u017cnych wzor\u00f3w, ch\u0119tni mogli swe kartki opatrzy\u0107 piecz\u0119ci\u0105 z logo 700-lecia. <a href=\"http:\/\/lubsza.org\/wp-content\/uploads\/2014\/09\/14092014-58-Kopiowanie.jpg\" rel=\"lightbox[154]\"><img loading=\"lazy\" decoding=\"async\" class=\"alignright  wp-image-2155\" alt=\"14092014 (58) (Kopiowanie)\" src=\"http:\/\/lubsza.org\/wp-content\/uploads\/2014\/09\/14092014-58-Kopiowanie-300x200.jpg\" width=\"197\" height=\"131\" srcset=\"http:\/\/lubsza.org\/wp-content\/uploads\/2014\/09\/14092014-58-Kopiowanie-300x200.jpg 300w, http:\/\/lubsza.org\/wp-content\/uploads\/2014\/09\/14092014-58-Kopiowanie.jpg 1000w\" sizes=\"auto, (max-width: 197px) 100vw, 197px\" \/><\/a>Widok\u00f3wki zaprojektowa\u0142a Agnieszka Kami\u0144ska, graficzka i malarka z Lubszy, zdj\u0119cia na poczt\u00f3wki zosta\u0142y wykonane przez Bronis\u0142aw\u0119 Kami\u0144sk\u0105 oraz Edwarda Morcinka. Kartki wci\u0105\u017c s\u0105 dost\u0119pne w cenie 1 z\u0142, w sekretariacie SP Lubsza, doch\u00f3d z nich w ca\u0142o\u015bci przeznaczony zostanie na potrzeby\u00a0 szko\u0142y. Wzory widok\u00f3wek obejrze\u0107 mo\u017cna klikaj\u0105c link: <a href=\"http:\/\/lubsza.org\/?p=1966\" target=\"_blank\">Widok\u00f3wki z Lubszy.<\/a><\/p>\n<p style=\"text-align: justify;\">\n<p style=\"text-align: justify;\"><a href=\"http:\/\/lubsza.org\/wp-content\/uploads\/2014\/09\/14wrzesnia-47.jpg\" rel=\"lightbox[154]\"><img loading=\"lazy\" decoding=\"async\" class=\"wp-image-1930 alignleft\" alt=\"Wystawa prac plenerowych\" src=\"http:\/\/lubsza.org\/wp-content\/uploads\/2014\/09\/14wrzesnia-47-224x300.jpg\" width=\"127\" height=\"170\" srcset=\"http:\/\/lubsza.org\/wp-content\/uploads\/2014\/09\/14wrzesnia-47-224x300.jpg 224w, http:\/\/lubsza.org\/wp-content\/uploads\/2014\/09\/14wrzesnia-47-767x1024.jpg 767w, http:\/\/lubsza.org\/wp-content\/uploads\/2014\/09\/14wrzesnia-47.jpg 860w\" sizes=\"auto, (max-width: 127px) 100vw, 127px\" \/><\/a>Na korytarzu I pi\u0119tra podziwia\u0107 mo\u017cna by\u0142o prace wykonane przez uczestniczki i uczestnik\u00f3w lipcowego pleneru malarskiego &#8222;Ocali\u0107 od zapomnienia&#8221;. Wystawiono efekty warsztat\u00f3w ceramicznych &#8211; gliniane figurki, dzwonki i inne bibeloty ulepione przez uczestnik\u00f3w, a nast\u0119pnie wypalone i pomalowane przez prowadz\u0105ca warsztaty Ann\u0119 Osadnik.<\/p>\n<p style=\"text-align: justify;\"><a href=\"http:\/\/lubsza.org\/wp-content\/uploads\/2014\/09\/14092014-2-Kopiowanie.jpg\" rel=\"lightbox[154]\"><img loading=\"lazy\" decoding=\"async\" class=\"wp-image-2146 alignright\" alt=\"14092014 (2) (Kopiowanie)\" src=\"http:\/\/lubsza.org\/wp-content\/uploads\/2014\/09\/14092014-2-Kopiowanie-300x200.jpg\" width=\"172\" height=\"115\" srcset=\"http:\/\/lubsza.org\/wp-content\/uploads\/2014\/09\/14092014-2-Kopiowanie-300x200.jpg 300w, http:\/\/lubsza.org\/wp-content\/uploads\/2014\/09\/14092014-2-Kopiowanie.jpg 1000w\" sizes=\"auto, (max-width: 172px) 100vw, 172px\" \/><\/a>Zaprezentowano obrazy namalowane na blejtramach pod okiem Anny Arendarskiej, przedstawiaj\u0105ce zabytki i krajobrazy lubszeckie, a tak\u017ce d\u0142ugie na kilka metr\u00f3w: plakat &#8211; kola\u017c, z\u0142o\u017cony z prac wykonanych na papierze oraz malowan\u0105 panoram\u0119 Lubszy. Ca\u0142o\u015b\u0107 prezentowa\u0142a si\u0119 bardzo efektownie. Ch\u0119tni mogli te\u017c zajrze\u0107 do wystawionych archiwalnych kronik szkolnych, obejrze\u0107 swoje dawne zdj\u0119cia ze szkolnej \u0142awy.<\/p>\n<p style=\"text-align: justify;\">Na koniec, zar\u00f3wno pani Dorota Osadnik i zaproszeni go\u015bcie, jak r\u00f3wnie\u017c osoby zaanga\u017cowane w realizacj\u0119 ca\u0142ego przedsi\u0119wzi\u0119cia, przede wszystkim dyrekcja i pracownicy SP Lubsza, spotkali si\u0119 przy kawie, herbacie i cie\u015bcie, aby om\u00f3wi\u0107 przebieg obchod\u00f3w 700-lecia Lubszy. Wszak jeszcze kilka imprez jubileuszowych przed nami. Zapraszamy do \u015bledzenia naszej strony, na kt\u00f3rej na pewno b\u0119dziemy o nich informowa\u0107.<\/p>\n<p style=\"text-align: justify;\"><em>(AK)<\/em><\/p>\n<p style=\"text-align: center;\"><a href=\"http:\/\/lubsza.org\/?p=2124\"><strong>Przejd\u017a do galerii zdj\u0119\u0107<\/strong><\/a><\/p>\n<p>&nbsp;<\/p>\n<p style=\"text-align: justify;\"><img decoding=\"async\" title=\"gallery link=&quot;file&quot; ids=&quot;1884,1887,1888,1889,1892,1893,1898,1891,1894,1895,1896,1897,1900,1919,1903,1902,1899,1904,1905,1906,1907,1908,1909,1910,1912,1913,1914,1915,1916,1917,1918,1920,1925,1935,1885,1926,1927,1930,1929,1931,1932,1933,1934,1947,1938,1939,1936,1937,1940,1941,1942,1943,1944,1945,1946,1948,1949,1950,1951,1955,1952,1953,1954,1956,1957&quot;\" alt=\"\" src=\"http:\/\/lubsza.org\/wp-includes\/js\/tinymce\/plugins\/wpgallery\/img\/t.gif\" \/><\/p>\n","protected":false},"excerpt":{"rendered":"<p>Niedziela, 14 wrze\u015bnia 2014 roku, by\u0142a dla wielu mieszka\u0144c\u00f3w i sympatyk\u00f3w Lubszy prawdziw\u0105 uczt\u0105 kulturaln\u0105, a dla niekt\u00f3rych &#8211; sentymentaln\u0105. Tego bowiem dnia, o godz. 11:00 mia\u0142o miejsce uroczyste otwarcie Muzeum Regionalnego im. J. Lompy przy Szkole Podstawowej w Lubszy. Jednocze\u015bnie odby\u0142 si\u0119 w niej wernisa\u017c wystawy haftu krzy\u017cykowego pani Doroty Osadnik &#8211; wydarzenie poruszaj\u0105ce &hellip; <a href=\"http:\/\/lubsza.org\/?page_id=154\" class=\"more-link\">Czytaj dalej <span class=\"screen-reader-text\">IX 2014 &#8211; Lubszeckie Muzeum Regionalne<\/span> <span class=\"meta-nav\">&rarr;<\/span><\/a><\/p>\n","protected":false},"author":1,"featured_media":0,"parent":0,"menu_order":0,"comment_status":"closed","ping_status":"open","template":"","meta":{"footnotes":""},"class_list":["post-154","page","type-page","status-publish","hentry"],"_links":{"self":[{"href":"http:\/\/lubsza.org\/index.php?rest_route=\/wp\/v2\/pages\/154","targetHints":{"allow":["GET"]}}],"collection":[{"href":"http:\/\/lubsza.org\/index.php?rest_route=\/wp\/v2\/pages"}],"about":[{"href":"http:\/\/lubsza.org\/index.php?rest_route=\/wp\/v2\/types\/page"}],"author":[{"embeddable":true,"href":"http:\/\/lubsza.org\/index.php?rest_route=\/wp\/v2\/users\/1"}],"replies":[{"embeddable":true,"href":"http:\/\/lubsza.org\/index.php?rest_route=%2Fwp%2Fv2%2Fcomments&post=154"}],"version-history":[{"count":12,"href":"http:\/\/lubsza.org\/index.php?rest_route=\/wp\/v2\/pages\/154\/revisions"}],"predecessor-version":[{"id":2206,"href":"http:\/\/lubsza.org\/index.php?rest_route=\/wp\/v2\/pages\/154\/revisions\/2206"}],"wp:attachment":[{"href":"http:\/\/lubsza.org\/index.php?rest_route=%2Fwp%2Fv2%2Fmedia&parent=154"}],"curies":[{"name":"wp","href":"https:\/\/api.w.org\/{rel}","templated":true}]}}