{"id":166,"date":"2014-03-24T22:49:03","date_gmt":"2014-03-24T21:49:03","guid":{"rendered":"http:\/\/lubsza.org\/?page_id=166"},"modified":"2014-11-28T19:15:08","modified_gmt":"2014-11-28T18:15:08","slug":"ix-2014-konkurs-plastyczny-pocztowka-z-lubszy","status":"publish","type":"page","link":"http:\/\/lubsza.org\/?page_id=166","title":{"rendered":"X 2014 &#8211; Konkurs plastyczny &#8222;Poczt\u00f3wka z Lubszy&#8221;"},"content":{"rendered":"<p style=\"text-align: justify;\"><a href=\"http:\/\/lubsza.org\/wp-content\/uploads\/2014\/11\/P1290633.jpg\" rel=\"lightbox[166]\"><img loading=\"lazy\" decoding=\"async\" class=\"alignleft  wp-image-2732\" alt=\"P1290633\" src=\"http:\/\/lubsza.org\/wp-content\/uploads\/2014\/11\/P1290633-300x189.jpg\" width=\"238\" height=\"150\" srcset=\"http:\/\/lubsza.org\/wp-content\/uploads\/2014\/11\/P1290633-300x189.jpg 300w, http:\/\/lubsza.org\/wp-content\/uploads\/2014\/11\/P1290633.jpg 900w\" sizes=\"auto, (max-width: 238px) 100vw, 238px\" \/><\/a>Og\u0142oszono wyniki konkursu plastycznego \u201ePoczt\u00f3wka z Lubszy\u201d, organizowanego przez Szko\u0142\u0119 Podstawow\u0105 w Lubszy z okazji 700-lecia miejscowo\u015bci. Do udzia\u0142u w konkursie zaproszono dzieci i m\u0142odzie\u017c z plac\u00f3wek o\u015bwiatowych naszej gminy.<\/p>\n<p style=\"text-align: justify;\">\n<p style=\"text-align: justify;\">Na konkurs wp\u0142yn\u0119\u0142o 47 prac w trzech kategoriach wiekowych: przedszkole, klasy I-III oraz IV-VI. Nie wp\u0142yn\u0119\u0142y prace w kategorii gimnazjum. Jury \u00a0dokona\u0142o oceny zg\u0142oszonych prac bior\u0105c pod uwag\u0119 nast\u0119puj\u0105ce kryteria: zgodno\u015b\u0107 pracy z tematem, oryginalno\u015b\u0107 i niebanalno\u015b\u0107, samodzielno\u015b\u0107 wykonania oraz og\u00f3lna estetyka pracy.\u00a0 Wybranie najlepszych prac by\u0142o niezwykle trudne, jednak jury zgodnie wy\u0142oni\u0142o zwyci\u0119zc\u00f3w konkursu:<\/p>\n<p style=\"text-align: justify;\"><strong>Kategoria 1 \u2013 Przedszkole:<\/strong><\/p>\n<p style=\"text-align: justify;\">I miejsce \u2013 Martyna Drynda \u2013 lat 6, Przedszkole w Psarach<br \/>\nII miejsce \u2013 Pawe\u0142 Kami\u0144ski \u2013 lat 5, Przedszkole w Lubszy<br \/>\nIII miejsce \u2013 Lena Skrobek \u2013 lat 6,\u00a0 Przedszkole w Lubszy<\/p>\n<p style=\"text-align: justify;\">Wyr\u00f3\u017cnienia dla najm\u0142odszego uczestnika konkursu:|<br \/>\nPrzemys\u0142aw Sosnowski \u2013 Przedszkole w Lubszy<\/p>\n<p style=\"text-align: justify;\"><strong>Kategoria 2 \u2013 klasy I-III szko\u0142y podstawowej<\/strong><\/p>\n<p style=\"text-align: justify;\">I miejsce \u2013 Maria Kami\u0144ska \u2013 Szko\u0142a Podstawowa w Lubszy<br \/>\nII miejsce \u2013 Renata Kluczniak \u2013 Szko\u0142a Podstawowa w Ligocie Wo\u017anickiej<br \/>\nIII miejsce \u2013 Lena Surowiec \u2013 Szko\u0142a Podstawowa w Kamienicy<\/p>\n<p style=\"text-align: justify;\">Wyr\u00f3\u017cnienia:<br \/>\nJakub Rygo\u0142 \u2013 Szko\u0142a Podstawowa w Ligocie Wo\u017anickiej<br \/>\nB\u0142a\u017cej \u017buk \u2013 Szko\u0142a Podstawowa w Lubszy<\/p>\n<p style=\"text-align: justify;\"><strong>Kategoria 3 \u2013 klasy IV-VI szko\u0142y podstawowej<\/strong><\/p>\n<p style=\"text-align: justify;\">I miejsce \u2013 Martyna Rygo\u0142 \u2013 Szko\u0142a Podstawowa w Ligocie Wo\u017anickiej<br \/>\nII miejsce \u2013 Marta Osadnik \u2013 Szko\u0142a Podstawowa w Ligocie\u00a0Wo\u017anickiej<br \/>\nIII miejsce \u2013 \u00a0Julia Pogoda- Szko\u0142a Podstawowa w Psarach<\/p>\n<p style=\"text-align: justify;\">Wyr\u00f3\u017cnienia:<br \/>\nJulita Rygo\u0142 \u2013 Szko\u0142a Podstawowa w Ligocie Wo\u017anickiej<br \/>\nJulia Ceglarek \u2013 Szko\u0142a Podstawowa w Wo\u017anikach<\/p>\n<div id='gallery-1' class='gallery galleryid-166 gallery-columns-3 gallery-size-thumbnail'><figure class='gallery-item'>\n\t\t\t<div class='gallery-icon landscape'>\n\t\t\t\t<a href='http:\/\/lubsza.org\/wp-content\/uploads\/2014\/11\/przedszkole.jpg' rel=\"lightbox[166]\"><img loading=\"lazy\" decoding=\"async\" width=\"150\" height=\"150\" src=\"http:\/\/lubsza.org\/wp-content\/uploads\/2014\/11\/przedszkole-150x150.jpg\" class=\"attachment-thumbnail size-thumbnail\" alt=\"\" aria-describedby=\"gallery-1-2733\" \/><\/a>\n\t\t\t<\/div>\n\t\t\t\t<figcaption class='wp-caption-text gallery-caption' id='gallery-1-2733'>\n\t\t\t\tKategoria 1 &#8211; przedszkole\n\t\t\t\t<\/figcaption><\/figure><figure class='gallery-item'>\n\t\t\t<div class='gallery-icon landscape'>\n\t\t\t\t<a href='http:\/\/lubsza.org\/wp-content\/uploads\/2014\/11\/P1290614.jpg' rel=\"lightbox[166]\"><img loading=\"lazy\" decoding=\"async\" width=\"150\" height=\"150\" src=\"http:\/\/lubsza.org\/wp-content\/uploads\/2014\/11\/P1290614-150x150.jpg\" class=\"attachment-thumbnail size-thumbnail\" alt=\"\" aria-describedby=\"gallery-1-2734\" \/><\/a>\n\t\t\t<\/div>\n\t\t\t\t<figcaption class='wp-caption-text gallery-caption' id='gallery-1-2734'>\n\t\t\t\tKategoria 2 &#8211; klasy I-III\n\t\t\t\t<\/figcaption><\/figure><figure class='gallery-item'>\n\t\t\t<div class='gallery-icon landscape'>\n\t\t\t\t<a href='http:\/\/lubsza.org\/wp-content\/uploads\/2014\/11\/P1290615.jpg' rel=\"lightbox[166]\"><img loading=\"lazy\" decoding=\"async\" width=\"150\" height=\"150\" src=\"http:\/\/lubsza.org\/wp-content\/uploads\/2014\/11\/P1290615-150x150.jpg\" class=\"attachment-thumbnail size-thumbnail\" alt=\"\" aria-describedby=\"gallery-1-2735\" \/><\/a>\n\t\t\t<\/div>\n\t\t\t\t<figcaption class='wp-caption-text gallery-caption' id='gallery-1-2735'>\n\t\t\t\tKategoria 3 &#8211; klasy IV-VI\n\t\t\t\t<\/figcaption><\/figure>\n\t\t<\/div>\n\n<p style=\"text-align: justify;\">\u00a0Jednocze\u015bnie jury pragnie pogratulowa\u0107 wszystkim bior\u0105cym udzia\u0142 w konkursie. Wkr\u00f3tce odb\u0119dzie si\u0119 wr\u0119czenie dyplom\u00f3w i nagr\u00f3d, dyplomy i nagrody dla uczestnik\u00f3w z Psar, Kamienicy, Ligoty Wo\u017anickiej i Wo\u017anik zostan\u0105 przekazane do \u00a0wymienionych plac\u00f3wek.<\/p>\n<div id=\"gallery-1\" style=\"text-align: justify;\"><\/div>\n<p style=\"text-align: justify;\"><em>tekst i zdj\u0119cia: Klaudia Skiba<\/em><\/p>\n","protected":false},"excerpt":{"rendered":"<p>Og\u0142oszono wyniki konkursu plastycznego \u201ePoczt\u00f3wka z Lubszy\u201d, organizowanego przez Szko\u0142\u0119 Podstawow\u0105 w Lubszy z okazji 700-lecia miejscowo\u015bci. Do udzia\u0142u w konkursie zaproszono dzieci i m\u0142odzie\u017c z plac\u00f3wek o\u015bwiatowych naszej gminy. Na konkurs wp\u0142yn\u0119\u0142o 47 prac w trzech kategoriach wiekowych: przedszkole, klasy I-III oraz IV-VI. Nie wp\u0142yn\u0119\u0142y prace w kategorii gimnazjum. Jury \u00a0dokona\u0142o oceny zg\u0142oszonych prac &hellip; <a href=\"http:\/\/lubsza.org\/?page_id=166\" class=\"more-link\">Czytaj dalej <span class=\"screen-reader-text\">X 2014 &#8211; Konkurs plastyczny &#8222;Poczt\u00f3wka z Lubszy&#8221;<\/span> <span class=\"meta-nav\">&rarr;<\/span><\/a><\/p>\n","protected":false},"author":1,"featured_media":0,"parent":0,"menu_order":0,"comment_status":"closed","ping_status":"open","template":"","meta":{"footnotes":""},"class_list":["post-166","page","type-page","status-publish","hentry"],"_links":{"self":[{"href":"http:\/\/lubsza.org\/index.php?rest_route=\/wp\/v2\/pages\/166","targetHints":{"allow":["GET"]}}],"collection":[{"href":"http:\/\/lubsza.org\/index.php?rest_route=\/wp\/v2\/pages"}],"about":[{"href":"http:\/\/lubsza.org\/index.php?rest_route=\/wp\/v2\/types\/page"}],"author":[{"embeddable":true,"href":"http:\/\/lubsza.org\/index.php?rest_route=\/wp\/v2\/users\/1"}],"replies":[{"embeddable":true,"href":"http:\/\/lubsza.org\/index.php?rest_route=%2Fwp%2Fv2%2Fcomments&post=166"}],"version-history":[{"count":7,"href":"http:\/\/lubsza.org\/index.php?rest_route=\/wp\/v2\/pages\/166\/revisions"}],"predecessor-version":[{"id":2870,"href":"http:\/\/lubsza.org\/index.php?rest_route=\/wp\/v2\/pages\/166\/revisions\/2870"}],"wp:attachment":[{"href":"http:\/\/lubsza.org\/index.php?rest_route=%2Fwp%2Fv2%2Fmedia&parent=166"}],"curies":[{"name":"wp","href":"https:\/\/api.w.org\/{rel}","templated":true}]}}