{"id":7514,"date":"2018-10-25T16:42:53","date_gmt":"2018-10-25T14:42:53","guid":{"rendered":"http:\/\/lubsza.org\/?page_id=7514"},"modified":"2020-04-03T16:12:49","modified_gmt":"2020-04-03T14:12:49","slug":"projekty-realizowane-2018","status":"publish","type":"page","link":"http:\/\/lubsza.org\/?page_id=7514","title":{"rendered":"Projekty zako\u0144czone 2018"},"content":{"rendered":"<p><strong><a href=\"http:\/\/splubsza.pl\/2018\/10\/10\/wycieczka-do-sztolni-krolowej-luizy\/\">Zwiedzanie kopalni Kr\u00f3lowa Luiza w Zabrzu<\/a><br \/>\n<\/strong>Zadanie publiczne w dziedzinie nauki, edukacji, o\u015bwiaty i wychowania w 2018 roku, dofinansowane przez Gmin\u0119 Wo\u017aniki \u2013 2.500 z\u0142<\/p>\n<p><strong>III Ceramiczna Noc \u015awi\u0119toja\u0144ska \u2013 <a href=\"http:\/\/lubsza.org\/?p=7276\">warsztaty artystyczne<\/a> oraz <a href=\"http:\/\/lubsza.org\/?p=7396\">plenerowy wypa\u0142 wyrob\u00f3w glinianych<\/a><\/strong><br \/>\nZadanie publiczne w dziedzinie upowszechniania kultury, sztuki, ochrony d\u00f3br kultury i tradycji w 2018 roku, dofinansowane przez Gmin\u0119 Wo\u017aniki \u2013 3.700 z\u0142<\/p>\n<p><b>Feriowisko \u2013 Magiczne ferie<\/b> <strong>(<a href=\"http:\/\/lubsza.org\/?p=7129\">warsztaty stacjonarne<\/a> i <a href=\"http:\/\/lubsza.org\/?p=7132\">wyjazdowe<\/a>)<\/strong><br \/>\nZadanie publiczne w dziedzinie upowszechniania kultury, sztuki, ochrony d\u00f3br kultury i tradycji w 2018 roku, dofinansowane przez Gmin\u0119 Wo\u017aniki \u2013 1.300 z\u0142<\/p>\n<p><a href=\"http:\/\/lubsza.org\/?p=7370\"><strong>Turniej pi\u0142ki no\u017cnej 2018<\/strong><\/a><br \/>\nZadanie publiczne w dziedzinie upowszechniania kultury fizycznej i sportu w 2018 roku, dofinansowane przez Gmin\u0119 Wo\u017aniki \u2013 1.000 z\u0142<\/p>\n<p><a href=\"http:\/\/lubsza.org\/?p=7232\"><strong>Lubszeckie Anio\u0142y cz.1<\/strong><\/a><br \/>\nZadanie publiczne w dziedzinie promocji i organizacji wolontariatu w 2018 roku, dofinansowane przez Gmin\u0119 Wo\u017aniki \u2013 500 z\u0142<\/p>\n<p><strong>Lubszeckie Anio\u0142y cz.2<\/strong><br \/>\nProjekt w\u0142asny Stowarzyszenia<\/p>\n<p><a href=\"http:\/\/lubsza.org\/?p=7234\"><strong>Aktywni emeryci II<\/strong><\/a><br \/>\nZadanie publiczne w dziedzinie dzia\u0142alno\u015bci na rzecz os\u00f3b w wieku emerytalnym w 2018 roku, dofinansowane przez Gmin\u0119 Wo\u017aniki \u2013 1.000 z\u0142<\/p>\n<p><a href=\"http:\/\/lubsza.org\/?p=6983\"><strong>Papierowe czary mary &#8211; warsztaty decoupage<\/strong><\/a><br \/>\nProjekt w\u0142asny Stowarzyszenia we wsp\u00f3\u0142pracy z Bibliotek\u0105 Publiczn\u0105 (filia Lubsza i Babienica)<\/p>\n<p><strong><a href=\"http:\/\/lubsza.org\/?p=7722\">Piel\u0119gnacja dziedzictwa przyrodniczego na terenie Gminy Wo\u017aniki \u2013 ogr\u00f3d botaniczny im. J\u00f3zefa Lompy<\/a><br \/>\n<\/strong>Zadanie publiczne w dziedzinie ekologii i ochrony zwierz\u0105t oraz ochrony dziedzictwa przyrodniczego w 2018 roku, dofinansowane przez Gmin\u0119 Wo\u017aniki \u2013 2.500 z\u0142<\/p>\n<p><a href=\"http:\/\/lubsza.org\/?p=6645\"><strong>Ochrona przed szkodnikami<\/strong><\/a><br \/>\nZadanie publiczne w dziedzinie ekologii i ochrony zwierz\u0105t oraz ochrony dziedzictwa przyrodniczego w 2018 roku, dofinansowane przez Gmin\u0119 Wo\u017aniki \u2013 1.000 z\u0142<\/p>\n<p><a href=\"http:\/\/lubsza.org\/?p=8209\"><strong>Ka\u017cdy ma sobie takie co\u015b, co mo\u017ce podarowa\u0107 drugiej osobie &#8211; idea wolontariatu<\/strong><\/a><br \/>\nZadanie publiczne w dziedzinie promocji i organizacji wolontariatu w 2018 roku, dofinansowane przez Gmin\u0119 Wo\u017aniki \u2013 400 z\u0142<\/p>\n<p><strong><a href=\"http:\/\/lubsza.org\/?p=7582\">Promocja nowego produktu lokalnego Lubszecka Muszla<\/a><br \/>\n<\/strong>Zadanie publiczne w dziedzinie turystyki i krajoznawstwa w 2018 roku, dofinansowane przez Gmin\u0119 Wo\u017aniki \u2013 1.000 z\u0142<\/p>\n<p><strong><a href=\"http:\/\/lubsza.org\/?p=7603\">Biegi na orientacj\u0119 \u2013 reaktywacja<\/a><br \/>\n<\/strong>Zadanie publiczne w dziedzinie upowszechniania kultury fizycznej i sportu w 2018 roku, dofinansowane przez Gmin\u0119 Wo\u017aniki \u2013 1.000 z\u0142<\/p>\n<p><a href=\"http:\/\/lubsza.org\/?p=7603\"><strong>Wolontariusze na trasie! Rajd drog\u0105 \u015bw. Jakuba jako promocja inicjatyw lokalnych<\/strong><\/a><br \/>\nZadanie publiczne w dziedzinie promocji i organizacji wolontariatu w 2018 roku, dofinansowane przez Gmin\u0119 Wo\u017aniki \u2013 900 z\u0142<\/p>\n<p>&nbsp;<\/p>\n<p>&nbsp;<\/p>\n<p>&nbsp;<\/p>\n","protected":false},"excerpt":{"rendered":"<p>Zwiedzanie kopalni Kr\u00f3lowa Luiza w Zabrzu Zadanie publiczne w dziedzinie nauki, edukacji, o\u015bwiaty i wychowania w 2018 roku, dofinansowane przez Gmin\u0119 Wo\u017aniki \u2013 2.500 z\u0142 III Ceramiczna Noc \u015awi\u0119toja\u0144ska \u2013 warsztaty artystyczne oraz plenerowy wypa\u0142 wyrob\u00f3w glinianych Zadanie publiczne w dziedzinie upowszechniania kultury, sztuki, ochrony d\u00f3br kultury i tradycji w 2018 roku, dofinansowane przez Gmin\u0119 &hellip; <a href=\"http:\/\/lubsza.org\/?page_id=7514\" class=\"more-link\">Czytaj dalej <span class=\"screen-reader-text\">Projekty zako\u0144czone 2018<\/span> <span class=\"meta-nav\">&rarr;<\/span><\/a><\/p>\n","protected":false},"author":1,"featured_media":0,"parent":0,"menu_order":0,"comment_status":"closed","ping_status":"closed","template":"","meta":{"footnotes":""},"class_list":["post-7514","page","type-page","status-publish","hentry"],"_links":{"self":[{"href":"http:\/\/lubsza.org\/index.php?rest_route=\/wp\/v2\/pages\/7514","targetHints":{"allow":["GET"]}}],"collection":[{"href":"http:\/\/lubsza.org\/index.php?rest_route=\/wp\/v2\/pages"}],"about":[{"href":"http:\/\/lubsza.org\/index.php?rest_route=\/wp\/v2\/types\/page"}],"author":[{"embeddable":true,"href":"http:\/\/lubsza.org\/index.php?rest_route=\/wp\/v2\/users\/1"}],"replies":[{"embeddable":true,"href":"http:\/\/lubsza.org\/index.php?rest_route=%2Fwp%2Fv2%2Fcomments&post=7514"}],"version-history":[{"count":10,"href":"http:\/\/lubsza.org\/index.php?rest_route=\/wp\/v2\/pages\/7514\/revisions"}],"predecessor-version":[{"id":8215,"href":"http:\/\/lubsza.org\/index.php?rest_route=\/wp\/v2\/pages\/7514\/revisions\/8215"}],"wp:attachment":[{"href":"http:\/\/lubsza.org\/index.php?rest_route=%2Fwp%2Fv2%2Fmedia&parent=7514"}],"curies":[{"name":"wp","href":"https:\/\/api.w.org\/{rel}","templated":true}]}}